{"id":19,"date":"2024-01-26T15:00:39","date_gmt":"2024-01-26T15:00:39","guid":{"rendered":"https:\/\/engiout.pt\/?page_id=19"},"modified":"2024-02-05T11:31:50","modified_gmt":"2024-02-05T11:31:50","slug":"temporario-manutencao","status":"publish","type":"page","link":"https:\/\/engiout.pt\/","title":{"rendered":"Tempor\u00e1rio \/ Manuten\u00e7\u00e3o"},"content":{"rendered":"\t\t<div data-elementor-type=\"wp-page\" data-elementor-id=\"19\" class=\"elementor elementor-19\" data-elementor-settings=\"{&quot;ha_cmc_init_switcher&quot;:&quot;no&quot;}\">\n\t\t\t\t<div class=\"elementor-element elementor-element-a9d8419 e-flex e-con-boxed wpr-particle-no wpr-jarallax-no wpr-parallax-no wpr-sticky-section-no e-con e-parent\" data-id=\"a9d8419\" data-element_type=\"container\" data-e-type=\"container\" data-settings=\"{&quot;_ha_eqh_enable&quot;:false}\">\n\t\t\t\t\t<div class=\"e-con-inner\">\n\t\t<div class=\"elementor-element elementor-element-a11e8ba e-flex e-con-boxed wpr-particle-no wpr-jarallax-no wpr-parallax-no wpr-sticky-section-no e-con e-child\" data-id=\"a11e8ba\" data-element_type=\"container\" data-e-type=\"container\" data-settings=\"{&quot;_ha_eqh_enable&quot;:false}\">\n\t\t\t\t\t<div class=\"e-con-inner\">\n\t\t\t\t<div class=\"elementor-element elementor-element-ae179a0 elementor-widget elementor-widget-image\" data-id=\"ae179a0\" data-element_type=\"widget\" data-e-type=\"widget\" data-widget_type=\"image.default\">\n\t\t\t\t<div class=\"elementor-widget-container\">\n\t\t\t\t\t\t\t\t\t\t\t\t\t\t\t<img fetchpriority=\"high\" decoding=\"async\" width=\"800\" height=\"577\" src=\"https:\/\/engiout.pt\/wp-content\/uploads\/2024\/01\/294533684_352206847105210_1973931496753962274_n-e1706805480888.jpg\" class=\"attachment-large size-large wp-image-21\" alt=\"\" srcset=\"https:\/\/engiout.pt\/wp-content\/uploads\/2024\/01\/294533684_352206847105210_1973931496753962274_n-e1706805480888.jpg 887w, https:\/\/engiout.pt\/wp-content\/uploads\/2024\/01\/294533684_352206847105210_1973931496753962274_n-e1706805480888-300x216.jpg 300w, https:\/\/engiout.pt\/wp-content\/uploads\/2024\/01\/294533684_352206847105210_1973931496753962274_n-e1706805480888-768x554.jpg 768w\" sizes=\"(max-width: 800px) 100vw, 800px\" \/>\t\t\t\t\t\t\t\t\t\t\t\t\t\t\t<\/div>\n\t\t\t\t<\/div>\n\t\t\t\t\t<\/div>\n\t\t\t\t<\/div>\n\t\t\t\t\t<\/div>\n\t\t\t\t<\/div>\n\t\t<div class=\"elementor-element elementor-element-5ce9803 e-flex e-con-boxed wpr-particle-no wpr-jarallax-no wpr-parallax-no wpr-sticky-section-no e-con e-parent\" data-id=\"5ce9803\" data-element_type=\"container\" data-e-type=\"container\" data-settings=\"{&quot;_ha_eqh_enable&quot;:false}\">\n\t\t\t\t\t<div class=\"e-con-inner\">\n\t\t\t\t<div class=\"elementor-element elementor-element-8a8cae3 elementor-widget elementor-widget-text-editor\" data-id=\"8a8cae3\" data-element_type=\"widget\" data-e-type=\"widget\" data-widget_type=\"text-editor.default\">\n\t\t\t\t<div class=\"elementor-widget-container\">\n\t\t\t\t\t\t\t\t\t<div class=\"gmail_default\"><i>Gest\u00e3o, Fiscaliza\u00e7\u00e3o e Seguran\u00e7a em Obra.<\/i><\/div>\t\t\t\t\t\t\t\t<\/div>\n\t\t\t\t<\/div>\n\t\t\t\t\t<\/div>\n\t\t\t\t<\/div>\n\t\t<div class=\"elementor-element elementor-element-b5ef329 e-flex e-con-boxed wpr-particle-no wpr-jarallax-no wpr-parallax-no wpr-sticky-section-no e-con e-parent\" data-id=\"b5ef329\" data-element_type=\"container\" data-e-type=\"container\" data-settings=\"{&quot;_ha_eqh_enable&quot;:false}\">\n\t\t\t\t\t<div class=\"e-con-inner\">\n\t\t\t\t<div class=\"elementor-element elementor-element-8d77547 elementor-widget elementor-widget-spacer\" data-id=\"8d77547\" data-element_type=\"widget\" data-e-type=\"widget\" data-widget_type=\"spacer.default\">\n\t\t\t\t<div class=\"elementor-widget-container\">\n\t\t\t\t\t\t\t<div class=\"elementor-spacer\">\n\t\t\t<div class=\"elementor-spacer-inner\"><\/div>\n\t\t<\/div>\n\t\t\t\t\t\t<\/div>\n\t\t\t\t<\/div>\n\t\t\t\t<div class=\"elementor-element elementor-element-fe51abc elementor-icon-list--layout-inline elementor-align-center elementor-list-item-link-full_width elementor-widget elementor-widget-icon-list\" data-id=\"fe51abc\" data-element_type=\"widget\" data-e-type=\"widget\" data-widget_type=\"icon-list.default\">\n\t\t\t\t<div class=\"elementor-widget-container\">\n\t\t\t\t\t\t\t<ul class=\"elementor-icon-list-items elementor-inline-items\">\n\t\t\t\t\t\t\t<li class=\"elementor-icon-list-item elementor-inline-item\">\n\t\t\t\t\t\t\t\t\t\t\t<span class=\"elementor-icon-list-icon\">\n\t\t\t\t\t\t\t<svg aria-hidden=\"true\" class=\"e-font-icon-svg e-fas-map-pin\" viewBox=\"0 0 288 512\" xmlns=\"http:\/\/www.w3.org\/2000\/svg\"><path d=\"M112 316.94v156.69l22.02 33.02c4.75 7.12 15.22 7.12 19.97 0L176 473.63V316.94c-10.39 1.92-21.06 3.06-32 3.06s-21.61-1.14-32-3.06zM144 0C64.47 0 0 64.47 0 144s64.47 144 144 144 144-64.47 144-144S223.53 0 144 0zm0 76c-37.5 0-68 30.5-68 68 0 6.62-5.38 12-12 12s-12-5.38-12-12c0-50.73 41.28-92 92-92 6.62 0 12 5.38 12 12s-5.38 12-12 12z\"><\/path><\/svg>\t\t\t\t\t\t<\/span>\n\t\t\t\t\t\t\t\t\t\t<span class=\"elementor-icon-list-text\">Porto Santana - Ed. 5 R\/C Esq. 7580-520 Alc\u00e1cer do Sal<\/span>\n\t\t\t\t\t\t\t\t\t<\/li>\n\t\t\t\t\t\t\t\t<li class=\"elementor-icon-list-item elementor-inline-item\">\n\t\t\t\t\t\t\t\t\t\t\t<a href=\"mailto:geral@engiout.pt\">\n\n\t\t\t\t\t\t\t\t\t\t\t\t<span class=\"elementor-icon-list-icon\">\n\t\t\t\t\t\t\t<svg aria-hidden=\"true\" class=\"e-font-icon-svg e-fas-envelope\" viewBox=\"0 0 512 512\" xmlns=\"http:\/\/www.w3.org\/2000\/svg\"><path d=\"M502.3 190.8c3.9-3.1 9.7-.2 9.7 4.7V400c0 26.5-21.5 48-48 48H48c-26.5 0-48-21.5-48-48V195.6c0-5 5.7-7.8 9.7-4.7 22.4 17.4 52.1 39.5 154.1 113.6 21.1 15.4 56.7 47.8 92.2 47.6 35.7.3 72-32.8 92.3-47.6 102-74.1 131.6-96.3 154-113.7zM256 320c23.2.4 56.6-29.2 73.4-41.4 132.7-96.3 142.8-104.7 173.4-128.7 5.8-4.5 9.2-11.5 9.2-18.9v-19c0-26.5-21.5-48-48-48H48C21.5 64 0 85.5 0 112v19c0 7.4 3.4 14.3 9.2 18.9 30.6 23.9 40.7 32.4 173.4 128.7 16.8 12.2 50.2 41.8 73.4 41.4z\"><\/path><\/svg>\t\t\t\t\t\t<\/span>\n\t\t\t\t\t\t\t\t\t\t<span class=\"elementor-icon-list-text\">geral@engiout.pt<\/span>\n\t\t\t\t\t\t\t\t\t\t\t<\/a>\n\t\t\t\t\t\t\t\t\t<\/li>\n\t\t\t\t\t\t<\/ul>\n\t\t\t\t\t\t<\/div>\n\t\t\t\t<\/div>\n\t\t\t\t<div class=\"elementor-element elementor-element-4ee8425 elementor-widget elementor-widget-spacer\" data-id=\"4ee8425\" data-element_type=\"widget\" data-e-type=\"widget\" data-widget_type=\"spacer.default\">\n\t\t\t\t<div class=\"elementor-widget-container\">\n\t\t\t\t\t\t\t<div class=\"elementor-spacer\">\n\t\t\t<div class=\"elementor-spacer-inner\"><\/div>\n\t\t<\/div>\n\t\t\t\t\t\t<\/div>\n\t\t\t\t<\/div>\n\t\t\t\t<div class=\"elementor-element elementor-element-b3bc5b2 elementor-view-default elementor-widget elementor-widget-icon\" data-id=\"b3bc5b2\" data-element_type=\"widget\" data-e-type=\"widget\" data-settings=\"{&quot;ha_floating_fx&quot;:&quot;yes&quot;,&quot;ha_floating_fx_translate_toggle&quot;:&quot;yes&quot;,&quot;ha_floating_fx_translate_x&quot;:{&quot;unit&quot;:&quot;px&quot;,&quot;size&quot;:&quot;&quot;,&quot;sizes&quot;:{&quot;from&quot;:0,&quot;to&quot;:8}},&quot;ha_floating_fx_translate_y&quot;:{&quot;unit&quot;:&quot;px&quot;,&quot;size&quot;:&quot;&quot;,&quot;sizes&quot;:{&quot;from&quot;:0,&quot;to&quot;:5}},&quot;ha_floating_fx_translate_duration&quot;:{&quot;unit&quot;:&quot;px&quot;,&quot;size&quot;:1000,&quot;sizes&quot;:[]},&quot;ha_floating_fx_translate_delay&quot;:{&quot;unit&quot;:&quot;px&quot;,&quot;size&quot;:&quot;&quot;,&quot;sizes&quot;:[]}}\" data-widget_type=\"icon.default\">\n\t\t\t\t<div class=\"elementor-widget-container\">\n\t\t\t\t\t\t\t<div class=\"elementor-icon-wrapper\">\n\t\t\t<div class=\"elementor-icon\">\n\t\t\t<svg xmlns=\"http:\/\/www.w3.org\/2000\/svg\" xmlns:xlink=\"http:\/\/www.w3.org\/1999\/xlink\" id=\"a9dc5f35-ed8e-4d6e-bfbd-74f33fbaa70d\" viewBox=\"0 0 64 64\" data-name=\"glyph copy\"><linearGradient id=\"bef7f3d3-1aa9-46d3-9e44-214a6193e7cc\" gradientUnits=\"userSpaceOnUse\" x1=\"4.013\" x2=\"59.997\" y1=\"31.946\" y2=\"31.946\"><stop offset=\"0\" stop-color=\"#ffde00\"><\/stop><stop offset=\"1\" stop-color=\"#fd5900\"><\/stop><\/linearGradient><path d=\"m53.26761 46.16828a65.03693 65.03693 0 0 0 -16.01092 7.31372c-8.539 6.30094-27.02191-.52324-31.29459-3.6257a4.27642 4.27642 0 0 1 -.91323-6.37419l4.14013-4.72526c.654 2.74173 2.75823 4.515 5.09758 5.94863a2.66115 2.66115 0 0 0 1.60463 1.93269 20.93587 20.93587 0 0 0 7.7217 1.48941 6.91249 6.91249 0 0 0 2.44685-.27486l.78016-.00857c2.38453-.09551 17.50556-.15648 26.00213-6.5075l2.70395-2.40248a3.58849 3.58849 0 0 0 1.17023-2.18978c.10638-.82447.23939-2.02127.31027-3.43976a7.02223 7.02223 0 0 1 2.7128 4.03373c1.27022 4.26838-2.35089 7.79282-6.47169 8.82992zm-40.88707-5.18622a13.07568 13.07568 0 0 0 1.9504 1.64008l.90428-12.00369c1.83508-12.05693 7.91678-18.38676 12.26964-21.46307-10.85786 2.13186-17.59063 10.30052-16.81772 27.89932a6.17483 6.17483 0 0 0 1.6934 3.92736zm4.61888-10.15973-1.00179 13.25374a.91524.91524 0 0 0 .55853.9131 18.91273 18.91273 0 0 0 8.52847 1.31211.9055.9055 0 0 0 .81559-.93973c-.15069-6.00186.1507-20.76272 6.321-28.46673.37233-.64715 3.26245-5.44329 7.34937-7.22524-1.41208-1.27917-4.48408-2.53686-6.75542-1.39172-3.79586 1.69429-13.09917 6.54414-15.81575 22.54447zm16.72007-12.98778c-6.05384 7.41345-6.17618 22.90738-6.04616 27.48265a2.72291 2.72291 0 0 1 -.08866.76245c.2837 0 .55852-.00887.851-.01775.16844-.00887 16.65806-.64715 23.2539-6.07275l2.6773-2.376a1.80464 1.80464 0 0 0 .594-1.10817 38.4219 38.4219 0 0 0 .33689-4.60107 21.703 21.703 0 0 0 -1.83514-9.20226 22.73586 22.73586 0 0 0 -5.6384-8.40441 29.623 29.623 0 0 0 -9.681 23.54642.88345.88345 0 1 1 -1.7642.09757 31.38394 31.38394 0 0 1 10.09775-24.79644 10.1478 10.1478 0 0 0 -5.13309-2.20747c-4.25536 1.03724-7.58875 6.84404-7.62419 6.89723z\" fill=\"url(#bef7f3d3-1aa9-46d3-9e44-214a6193e7cc)\"><\/path><\/svg>\t\t\t<\/div>\n\t\t<\/div>\n\t\t\t\t\t\t<\/div>\n\t\t\t\t<\/div>\n\t\t\t\t<div class=\"elementor-element elementor-element-f5e2f01 elementor-widget elementor-widget-text-editor\" data-id=\"f5e2f01\" data-element_type=\"widget\" data-e-type=\"widget\" data-widget_type=\"text-editor.default\">\n\t\t\t\t<div class=\"elementor-widget-container\">\n\t\t\t\t\t\t\t\t\t<p>Loading a new project\u2026<\/p>\t\t\t\t\t\t\t\t<\/div>\n\t\t\t\t<\/div>\n\t\t\t\t<div class=\"elementor-element elementor-element-67c5844 elementor-widget elementor-widget-spacer\" data-id=\"67c5844\" data-element_type=\"widget\" data-e-type=\"widget\" data-widget_type=\"spacer.default\">\n\t\t\t\t<div class=\"elementor-widget-container\">\n\t\t\t\t\t\t\t<div class=\"elementor-spacer\">\n\t\t\t<div class=\"elementor-spacer-inner\"><\/div>\n\t\t<\/div>\n\t\t\t\t\t\t<\/div>\n\t\t\t\t<\/div>\n\t\t\t\t\t<\/div>\n\t\t\t\t<\/div>\n\t\t<div class=\"elementor-element elementor-element-19ed5ae e-flex e-con-boxed wpr-particle-no wpr-jarallax-no wpr-parallax-no wpr-sticky-section-no e-con e-parent\" data-id=\"19ed5ae\" data-element_type=\"container\" data-e-type=\"container\" data-settings=\"{&quot;shape_divider_top&quot;:&quot;opacity-tilt&quot;,&quot;_ha_eqh_enable&quot;:false}\">\n\t\t\t\t\t<div class=\"e-con-inner\">\n\t\t\t\t<div class=\"elementor-shape elementor-shape-top\" aria-hidden=\"true\" data-negative=\"false\">\n\t\t\t<svg xmlns=\"http:\/\/www.w3.org\/2000\/svg\" viewBox=\"0 0 2600 131.1\" preserveAspectRatio=\"none\">\n\t<path class=\"elementor-shape-fill\" d=\"M0 0L2600 0 2600 69.1 0 0z\"\/>\n\t<path class=\"elementor-shape-fill\" style=\"opacity:0.5\" d=\"M0 0L2600 0 2600 69.1 0 69.1z\"\/>\n\t<path class=\"elementor-shape-fill\" style=\"opacity:0.25\" d=\"M2600 0L0 0 0 130.1 2600 69.1z\"\/>\n<\/svg>\t\t<\/div>\n\t\t\t\t<div class=\"elementor-element elementor-element-9667040 elementor-widget elementor-widget-spacer\" data-id=\"9667040\" data-element_type=\"widget\" data-e-type=\"widget\" data-widget_type=\"spacer.default\">\n\t\t\t\t<div class=\"elementor-widget-container\">\n\t\t\t\t\t\t\t<div class=\"elementor-spacer\">\n\t\t\t<div class=\"elementor-spacer-inner\"><\/div>\n\t\t<\/div>\n\t\t\t\t\t\t<\/div>\n\t\t\t\t<\/div>\n\t\t\t\t\t<\/div>\n\t\t\t\t<\/div>\n\t\t\t\t<\/div>\n\t\t","protected":false},"excerpt":{"rendered":"<p>Gest\u00e3o, Fiscaliza\u00e7\u00e3o e Seguran\u00e7a em Obra. Porto Santana &#8211; Ed. 5 R\/C Esq. 7580-520 Alc\u00e1cer do Sal geral@engiout.pt Loading a new project\u2026<\/p>\n","protected":false},"author":1,"featured_media":0,"parent":0,"menu_order":0,"comment_status":"closed","ping_status":"closed","template":"elementor_canvas","meta":{"_monsterinsights_skip_tracking":false,"_monsterinsights_sitenote_active":false,"_monsterinsights_sitenote_note":"","_monsterinsights_sitenote_category":0,"footnotes":""},"class_list":["post-19","page","type-page","status-publish","hentry"],"aioseo_notices":[],"_links":{"self":[{"href":"https:\/\/engiout.pt\/index.php?rest_route=\/wp\/v2\/pages\/19","targetHints":{"allow":["GET"]}}],"collection":[{"href":"https:\/\/engiout.pt\/index.php?rest_route=\/wp\/v2\/pages"}],"about":[{"href":"https:\/\/engiout.pt\/index.php?rest_route=\/wp\/v2\/types\/page"}],"author":[{"embeddable":true,"href":"https:\/\/engiout.pt\/index.php?rest_route=\/wp\/v2\/users\/1"}],"replies":[{"embeddable":true,"href":"https:\/\/engiout.pt\/index.php?rest_route=%2Fwp%2Fv2%2Fcomments&post=19"}],"version-history":[{"count":40,"href":"https:\/\/engiout.pt\/index.php?rest_route=\/wp\/v2\/pages\/19\/revisions"}],"predecessor-version":[{"id":69,"href":"https:\/\/engiout.pt\/index.php?rest_route=\/wp\/v2\/pages\/19\/revisions\/69"}],"wp:attachment":[{"href":"https:\/\/engiout.pt\/index.php?rest_route=%2Fwp%2Fv2%2Fmedia&parent=19"}],"curies":[{"name":"wp","href":"https:\/\/api.w.org\/{rel}","templated":true}]}}